{"id":106,"date":"2025-03-20T10:44:39","date_gmt":"2025-03-20T10:44:39","guid":{"rendered":"https:\/\/polaris-mh.ro\/?page_id=106"},"modified":"2025-06-04T11:02:31","modified_gmt":"2025-06-04T11:02:31","slug":"servicii","status":"publish","type":"page","link":"https:\/\/polaris-mh.ro\/index.php\/servicii\/","title":{"rendered":"Servicii"},"content":{"rendered":"<div class=\"nicepage-container\"><div class=\"\" style=\"\" >        <script>\n            (function ($) {\n                var ResponsiveCms = window.ResponsiveCms;\n                if (!ResponsiveCms) {\n                    return;\n                }\n                ResponsiveCms.contentDom = $('script:last').parent();\n                ResponsiveCms.prevMode = \"SM\";\n\n                if (typeof ResponsiveCms.recalcClasses === 'function') {\n                    ResponsiveCms.recalcClasses();\n                }\n            })(jQuery);\n        <\/script>\n        \n    \n    <section class=\"u-clearfix u-white u-section-2\" id=\"sec-4361\">\n      <div class=\"u-clearfix u-sheet u-valign-middle-lg u-valign-middle-sm u-valign-middle-xl u-valign-middle-xs u-sheet-1\">\n        <div class=\"data-layout-selected u-clearfix u-expanded-width u-layout-wrap u-layout-wrap-1\">\n          <div class=\"u-layout\">\n            <div class=\"u-layout-row\">\n              <div class=\"u-container-style u-layout-cell u-left-cell u-size-30 u-layout-cell-1\">\n                <div class=\"u-container-layout\">\n                  <img decoding=\"async\" class=\"u-align-center u-expanded-width-md u-expanded-width-sm u-expanded-width-xs u-image u-image-1\" src=\"https:\/\/polaris-mh.ro\/wp-content\/uploads\/2025\/04\/servicii-polaris.png\" data-image-width=\"1400\" data-image-height=\"2068\">\n                <\/div>\n              <\/div>\n              <div class=\"u-align-left u-container-align-left u-container-align-left-lg u-container-align-left-md u-container-align-left-sm u-container-align-left-xl u-container-style u-layout-cell u-right-cell u-size-30 u-layout-cell-2\">\n                <div class=\"u-container-layout u-valign-bottom-xs u-valign-top-lg u-valign-top-md u-valign-top-sm u-container-layout-2\">\n                  <h1 class=\"u-align-center-xs u-align-left-lg u-align-left-md u-align-left-sm u-align-left-xl u-custom-font u-font-raleway u-text u-text-black u-text-default-lg u-text-default-md u-text-default-sm u-text-default-xl u-text-1\">Servicii<br>Polaris M Holding\n                  <\/h1>\n                  <p class=\"u-align-center-xs u-align-left-lg u-align-left-md u-align-left-sm u-align-left-xl u-custom-font u-font-raleway u-large-text u-text u-text-black u-text-variant u-text-2\">Polaris\nM Holding ofer\u0103&nbsp; servicii esen\u021biale pentru men\u021binerea unui mediu curat \u0219i s\u0103n\u0103tos:&nbsp;<br>-\ncolectarea \u0219i transportul de\u0219eurilor menajere \u0219i reciclabile,\n&nbsp;<br>- salubrizarea stradal\u0103, \n- desz\u0103pezirea&nbsp; \u00een sezonul rece,\n&nbsp;<br>- gestionarea sta\u021biilor de sortare \u0219i tratare a de\u0219eurilor.<br>\n                    <br> Compania utilizeaz\u0103 tehnologii moderne \u0219i echipamente performante\npentru a asigura servicii eficiente \u0219i sustenabile.&nbsp; <br>\n                    <br>Polaris\nM Holding promoveaz\u0103 colectarea separat\u0103 a de\u0219eurilor \u0219i educarea popula\u021biei \u00een scopul protej\u0103rii mediului \u0219i a \u00eembun\u0103t\u0103\u021birii calit\u0103\u021bii\nvie\u021bii.&nbsp; \n                  <\/p>\n                  <a href=\"#sec-1e45\" class=\"u-align-center-xs u-border-1 u-border-black u-btn u-btn-round u-button-style u-custom-font u-font-raleway u-hover-black u-radius u-text-black u-text-hover-white u-btn-1\">MAI MULT<\/a>\n                <\/div>\n              <\/div>\n            <\/div>\n          <\/div>\n        <\/div>\n      <\/div>\n    <\/section>\n    <section class=\"u-clearfix u-white u-section-3\" id=\"sec-1e45\">\n      <div class=\"u-clearfix u-sheet u-valign-middle-lg u-valign-middle-md u-valign-middle-sm u-valign-middle-xl u-sheet-1\">\n        <h2 class=\"u-align-center u-text u-text-custom-color-10 u-text-default-lg u-text-default-xl u-text-default-xxl u-text-1\"> DIN RESPECT\nPENTRU OAMENI, CU GRIJ\u0102 PENTRU VIITOR<\/h2>\n        <p class=\"u-align-center u-large-text u-text u-text-black u-text-variant u-text-2\"> Polaris M Holding ofer\u0103 o gam\u0103 complet\u0103 de servicii de salubrizare \u0219i management integrat al de\u0219eurilor, adaptate nevoilor comunit\u0103\u021bilor urbane \u0219i rurale.<\/p>\n      <\/div>\n      <style data-mode=\"XXL\">@media (max-width: 0px) {\n  .u-section-3 .u-sheet-1 {\n    min-height: 1213px;\n  }\n  .u-section-3 .u-text-1 {\n    margin-top: 60px;\n    margin-left: auto;\n    margin-right: auto;\n    margin-bottom: 0;\n  }\n  .u-section-3 .u-text-2 {\n    margin-top: 10px;\n    margin-left: auto;\n    margin-right: auto;\n    margin-bottom: 0;\n  }\n  .u-block-d51a-22 {\n    width: 777px;\n    margin-top: 51px;\n    margin-left: auto;\n    margin-right: auto;\n    margin-bottom: 0;\n  }\n  .u-block-d51a-23 {\n    grid-template-columns: repeat(1, 100%);\n    min-height: 817px;\n    grid-gap: 10px;\n  }\n  .u-block-d51a-25 {\n    padding-top: 30px;\n    padding-bottom: 30px;\n    padding-left: 0;\n    padding-right: 0;\n  }\n  .u-block-d51a-14 {\n    margin-top: 0;\n    margin-right: 542px;\n    margin-bottom: 0;\n    margin-left: 0;\n    font-size: 1rem;\n  }\n  .u-block-d51a-15 {\n    margin-top: -58px;\n    margin-right: 0;\n    margin-bottom: 0;\n    margin-left: 280px;\n  }\n  .u-block-d51a-27 {\n    padding-top: 30px;\n    padding-bottom: 30px;\n    padding-left: 0;\n    padding-right: 0;\n  }\n  .u-block-d51a-28 {\n    margin-top: 0;\n    margin-right: 542px;\n    margin-bottom: 0;\n    margin-left: 0;\n    font-size: 1rem;\n  }\n  .u-block-d51a-29 {\n    margin-top: -58px;\n    margin-right: 0;\n    margin-bottom: 0;\n    margin-left: 280px;\n  }\n  .u-block-d51a-31 {\n    padding-top: 30px;\n    padding-bottom: 30px;\n    padding-left: 0;\n    padding-right: 0;\n  }\n  .u-block-d51a-32 {\n    margin-top: 0;\n    margin-right: 542px;\n    margin-bottom: 0;\n    margin-left: 0;\n    font-size: 1rem;\n  }\n  .u-block-d51a-33 {\n    margin-top: -58px;\n    margin-right: 0;\n    margin-bottom: 0;\n    margin-left: 280px;\n  }\n  .u-block-d51a-35 {\n    padding-top: 30px;\n    padding-bottom: 30px;\n    padding-left: 0;\n    padding-right: 0;\n  }\n  .u-block-d51a-36 {\n    margin-top: 0;\n    margin-right: 542px;\n    margin-bottom: 0;\n    margin-left: 0;\n    font-size: 1rem;\n  }\n  .u-block-d51a-37 {\n    margin-top: -86px;\n    margin-right: 0;\n    margin-bottom: 0;\n    margin-left: 280px;\n  }\n  .u-block-d51a-38 {\n    border-style: solid;\n    font-weight: 700;\n    text-transform: uppercase;\n    font-size: 1rem;\n    letter-spacing: 1px;\n    margin-top: 52px;\n    margin-left: auto;\n    margin-right: auto;\n    margin-bottom: 60px;\n    padding-top: 16px;\n    padding-right: 53px;\n    padding-bottom: 18px;\n    padding-left: 52px;\n  }\n}<\/style>\n    <\/section>\n    <section class=\"u-clearfix u-white u-section-4\" id=\"block-1\">\n      <div class=\"u-clearfix u-sheet u-valign-middle-lg u-valign-middle-md u-valign-middle-sm u-sheet-1\">\n        <div class=\"u-align-center u-border-1 u-border-grey-dark-1 u-line u-line-horizontal u-line-1\"><\/div>\n        <div class=\"custom-expanded data-layout-selected u-clearfix u-layout-wrap u-layout-wrap-1\">\n          <div class=\"u-layout\">\n            <div class=\"u-layout-row\">\n              <div class=\"u-container-style u-layout-cell u-size-22 u-layout-cell-1\">\n                <div class=\"u-container-layout u-container-layout-1\">\n                  <h3 class=\"u-align-center-xs u-align-left-lg u-align-left-md u-align-left-sm u-align-left-xl u-text u-text-black u-text-default u-text-1\"> Salubrizare menajer\u0103<\/h3>\n                <\/div>\n              <\/div>\n              <div class=\"u-container-style u-layout-cell u-size-38 u-layout-cell-2\">\n                <div class=\"u-container-layout u-container-layout-2\">\n                  <p class=\"u-align-center-xs u-text u-text-black u-text-default-lg u-text-default-md u-text-default-sm u-text-default-xl u-text-2\">Colect\u0103m,\ntransport\u0103m \u0219i sort\u0103m de\u0219eurile menajere de la popula\u021bie, institu\u021bii publice,\nsociet\u0103\u021bi comerciale \u00een vederea elimin\u0103rii profesionale a acestora, prin\nvalorificarea materialului reciclabil \u0219i prin depozitarea la rampa ecologic\u0103.<br>\n                    <br> Colectarea de\u0219eurilor , de la persoane fizice, agenti economici \u0219i institu\u021bii\npublice.<br> se realizeaz\u0103 zilnic, conform unui grafic de lucru prestabilit, <br> \u00cen zonele de blocuri, punctele de colectare a de\u0219eurilor sunt dotate cu\nrecipiente&nbsp; cu o capacitate de stocare\ncorelat\u0103 cu num\u0103rul&nbsp; utilizatorilor\naronda\u021bi si cu frecven\u021ba de colectare.<br>\n                    <br> Asigur\u0103m recipiente de colectare, \u00een regim de comodat, pentru persoane fizice,\nasocia\u021bii de proprietari sau locatari, iar pentru societa\u021bile comerciale\nasiguram recipiente de colectare a de\u0219eurilor menajere \u00een regim de chirie. \n                  <\/p>\n                <\/div>\n              <\/div>\n            <\/div>\n          <\/div>\n        <\/div>\n      <\/div>\n    <\/section>\n    <section class=\"u-clearfix u-white u-section-5\" id=\"sec-7cd6\">\n      <div class=\"u-clearfix u-sheet u-valign-middle-lg u-valign-middle-md u-valign-middle-sm u-sheet-1\">\n        <div class=\"u-align-center u-border-1 u-border-grey-dark-1 u-line u-line-horizontal u-line-1\"><\/div>\n        <div class=\"custom-expanded data-layout-selected u-clearfix u-layout-wrap u-layout-wrap-1\">\n          <div class=\"u-layout\">\n            <div class=\"u-layout-row\">\n              <div class=\"u-container-style u-layout-cell u-size-22 u-layout-cell-1\">\n                <div class=\"u-container-layout u-container-layout-1\">\n                  <h3 class=\"u-align-center-xs u-align-left-lg u-align-left-md u-align-left-sm u-align-left-xl u-text u-text-black u-text-default u-text-1\"> Salubrizare stradal\u0103<\/h3>\n                <\/div>\n              <\/div>\n              <div class=\"u-container-style u-layout-cell u-size-38 u-layout-cell-2\">\n                <div class=\"u-container-layout u-container-layout-2\">\n                  <p class=\"u-align-center-xs u-text u-text-black u-text-default-lg u-text-default-md u-text-default-sm u-text-default-xl u-text-2\">Cura\u021benia \u0219i \u00eentre\u021binerea\nc\u0103ilor publice: m\u0103turatul, sp\u0103latul, r\u0103zuitul rigolelor, stropirea \u0219i \u00eentre\u021binerea\ncur\u0103\u021beniei c\u0103ilor publice.<br>\n                    <br> M\u0103turatul stradal se realizeaz\u0103 mecanic \u0219i manual.<br> Maturatul mecanizat pe bulevarde si str\u0103zi principale se realizeaz\u0103 cu\nautospeciale dotate cu autoperii colectoare, iar pentru str\u0103zile reziden\u021biale,\npia\u021bete \u0219i locuri greu accesibile&nbsp;&nbsp; se\nrealizeaz\u0103&nbsp; m\u0103turatul manual.<br> Sp\u0103latul \u0219i stropitul carosabilului c\u0103ilor publice \u0219i private se realizeaz\u0103 cu\napa din pu\u021buri de mare ad\u00e2ncime. \n                  <\/p>\n                <\/div>\n              <\/div>\n            <\/div>\n          <\/div>\n        <\/div>\n      <\/div>\n    <\/section>\n    <section class=\"u-clearfix u-white u-section-6\" id=\"sec-a157\">\n      <div class=\"u-clearfix u-sheet u-valign-middle-lg u-valign-middle-md u-valign-middle-sm u-sheet-1\">\n        <div class=\"u-align-center u-border-1 u-border-grey-dark-1 u-line u-line-horizontal u-line-1\"><\/div>\n        <div class=\"data-layout-selected u-clearfix u-expanded-width-xs u-layout-wrap u-layout-wrap-1\">\n          <div class=\"u-layout\">\n            <div class=\"u-layout-row\">\n              <div class=\"u-container-style u-layout-cell u-size-22 u-layout-cell-1\">\n                <div class=\"u-container-layout u-container-layout-1\">\n                  <h3 class=\"u-align-center-xs u-align-left-lg u-align-left-md u-align-left-sm u-align-left-xl u-text u-text-black u-text-default u-text-1\"> Desz\u0103pezirea \u0219i combaterea poleiului de pe c\u0103ile publice<\/h3>\n                <\/div>\n              <\/div>\n              <div class=\"u-container-style u-layout-cell u-size-38 u-layout-cell-2\">\n                <div class=\"u-container-layout u-container-layout-2\">\n                  <p class=\"u-align-center-xs u-text u-text-black u-text-default-lg u-text-default-md u-text-default-sm u-text-default-xl u-text-2\">Polaris M Holding\npresteaz\u0103 activit\u0103\u021bi de cur\u0103\u021bare&nbsp; a\nz\u0103pezii pe c\u0103ile publice urbane \u0219i de degivrare&nbsp;\na acestora, \u00een cazul depunerilor de polei sau \u00eenghe\u021b. Totodata presteaz\u0103\nsi servicii de \u00eenc\u0103rcare, desc\u0103rcare z\u0103pad\u0103 \u0219i ghea\u021b\u0103 pentru deblocarea\naccesului stradal.<br>\n                    <br> \u00cendep\u0103rtarea z\u0103pezii se realizeaz\u0103 manual si mecanizat \u00een func\u021bie de specificul\nzonei de desz\u0103pezit. Vehiculele utilizate pentru deszapezirea c\u0103ilor publice\nsunt echipate cu&nbsp; pluguri, s\u0103r\u0103ri\u021be cu\nmateriale antiderapante sau cisterne cu solu\u021bie de clorur\u0103 de calciu, \u00een scopul\neficientiz\u0103rii procesului de \u00eendep\u0103rtare a z\u0103pezii si de prevenire a &nbsp;depunerilor noi. \n                  <\/p>\n                <\/div>\n              <\/div>\n            <\/div>\n          <\/div>\n        <\/div>\n      <\/div>\n    <\/section>\n    <section class=\"u-clearfix u-white u-section-7\" id=\"sec-c53b\">\n      <div class=\"u-clearfix u-sheet u-valign-middle-lg u-valign-middle-md u-valign-middle-sm u-sheet-1\">\n        <div class=\"u-align-center u-border-1 u-border-grey-dark-1 u-line u-line-horizontal u-line-1\"><\/div>\n        <div class=\"data-layout-selected u-clearfix u-expanded-width-xs u-layout-wrap u-layout-wrap-1\">\n          <div class=\"u-layout\" style=\"\">\n            <div class=\"u-layout-row\" style=\"\">\n              <div class=\"u-container-style u-layout-cell u-size-22 u-layout-cell-1\">\n                <div class=\"u-container-layout u-container-layout-1\">\n                  <h3 class=\"u-align-center-xs u-align-left-lg u-align-left-md u-align-left-sm u-align-left-xl u-text u-text-black u-text-default u-text-1\"> Colectare \u0219i transport de\u0219euri voluminoase<\/h3>\n                <\/div>\n              <\/div>\n              <div class=\"u-container-style u-layout-cell u-size-38 u-layout-cell-2\">\n                <div class=\"u-container-layout u-container-layout-2\">\n                  <p class=\"u-align-center-xs u-text u-text-black u-text-default-lg u-text-default-md u-text-default-sm u-text-default-xl u-text-2\">De\u0219eurile\nvoluminoase sunt de\u0219euri de mari dimensiuni ce nu pot fi depozitate \u00een\ncontainerele obi\u0219nuite pentru de\u0219euri menajere.<br>\n                    <br> \u00cen municipiul Constan\u021ba, de\u0219eurile voluminoase se depoziteaz\u0103 \u00een bene,\namplasate l\u00e2ng\u0103 platformele pentru de\u0219euri menajere. Loca\u021biile unde vor fi\namplasate benele sunt anun\u021bate, \u00een prealabil, pe pagina oficial\u0103 de Facebook,\npe www.polaris.ro, sec\u021biunea Nout\u0103\u021bi \u0219i \u00een mass-media.<br>\n                    <br> Predarea de\u0219eurilor se realizeaz\u0103 prin aport voluntar \u00een loca\u021biile men\u021bionate\n\u00een graficul lunar, precum \u0219i la centrul de colectare, situat pe bd. Aurel\nVlaicu, nr. 290A din Constan\u021ba. \n                  <\/p>\n                <\/div>\n              <\/div>\n            <\/div>\n          <\/div>\n        <\/div>\n      <\/div>\n    <\/section>\n    <section class=\"u-clearfix u-white u-section-8\" id=\"sec-1a2e\">\n      <div class=\"u-clearfix u-sheet u-valign-middle-lg u-valign-middle-md u-valign-middle-sm u-sheet-1\">\n        <div class=\"u-align-center u-border-1 u-border-grey-dark-1 u-line u-line-horizontal u-line-1\"><\/div>\n        <div class=\"data-layout-selected u-clearfix u-expanded-width-xs u-layout-wrap u-layout-wrap-1\">\n          <div class=\"u-layout\">\n            <div class=\"u-layout-row\">\n              <div class=\"u-container-style u-layout-cell u-size-22 u-layout-cell-1\">\n                <div class=\"u-container-layout u-container-layout-1\">\n                  <h3 class=\"u-align-center-xs u-align-left-lg u-align-left-md u-align-left-sm u-align-left-xl u-text u-text-black u-text-default u-text-1\"> Colectare \u0219i transport de\u0219euri inerte (rezultate din construc\u021bii \u0219i demol\u0103ri)<\/h3>\n                <\/div>\n              <\/div>\n              <div class=\"u-container-style u-layout-cell u-size-38 u-layout-cell-2\">\n                <div class=\"u-container-layout u-container-layout-2\">\n                  <p class=\"u-align-center-xs u-text u-text-black u-text-default-lg u-text-default-md u-text-default-sm u-text-default-xl u-text-2\">De\u0219eurile inerte,&nbsp; provenite de la persoane fizice, agen\u021bi\neconomici sau institu\u021bii publice,<br> &nbsp;sunt generate de activit\u0103\u021bi de construc\u021bii\n, reamenaj\u0103ri interioare \/ exterioare, repara\u021bii, \u0219i demol\u0103ri ale locuin\u021belor\npublice sau private.<br>\n                    <br> De\u0219eurile rezultate din construc\u021bii \u0219i demol\u0103ri se colecteaz\u0103 contra cost, pe\nbaza unui contract \/ comand\u0103 scrisa transmis\u0103 c\u0103tre departamentul Comercial\n(biroul contractari). \n                  <\/p>\n                <\/div>\n              <\/div>\n            <\/div>\n          <\/div>\n        <\/div>\n      <\/div>\n    <\/section>\n    <section class=\"u-clearfix u-white u-section-9\" id=\"sec-cc6e\">\n      <div class=\"u-clearfix u-sheet u-valign-middle-lg u-valign-middle-md u-valign-middle-sm u-sheet-1\">\n        <div class=\"u-align-center u-border-1 u-border-grey-dark-1 u-line u-line-horizontal u-line-1\"><\/div>\n        <div class=\"data-layout-selected u-clearfix u-expanded-width-xs u-layout-wrap u-layout-wrap-1\">\n          <div class=\"u-layout\">\n            <div class=\"u-layout-row\">\n              <div class=\"u-container-style u-layout-cell u-size-22 u-layout-cell-1\">\n                <div class=\"u-container-layout u-container-layout-1\">\n                  <h3 class=\"u-align-center-xs u-align-left-lg u-align-left-md u-align-left-sm u-align-left-xl u-text u-text-black u-text-default u-text-1\"> \u00cenchiriere bene pentru de\u0219euri inerte<\/h3>\n                <\/div>\n              <\/div>\n              <div class=\"u-container-style u-layout-cell u-size-38 u-layout-cell-2\">\n                <div class=\"u-container-layout u-container-layout-2\">\n                  <p class=\"u-align-center-xs u-text u-text-black u-text-default-lg u-text-default-md u-text-default-sm u-text-default-xl u-text-2\">Clientii pot \u00eenchiria,\nbene cu capacitatea de 2 mc si 17 mc, \u00een func\u021bie de cantitatea de de\u0219euri ce\ntrebuie colectat\u0103,&nbsp; pe baza de contract\nsau comanda scrisa c\u0103tre departamentul Comercial. <\/p>\n                <\/div>\n              <\/div>\n            <\/div>\n          <\/div>\n        <\/div>\n      <\/div>\n    <\/section>\n    <section class=\"u-clearfix u-white u-section-10\" id=\"sec-9f1f\">\n      <div class=\"u-clearfix u-sheet u-valign-middle-lg u-valign-middle-md u-valign-middle-sm u-valign-middle-xl u-sheet-1\">\n        <div class=\"u-align-center u-border-1 u-border-grey-dark-1 u-line u-line-horizontal u-line-1\"><\/div>\n        <div class=\"data-layout-selected u-clearfix u-expanded-width-xs u-layout-wrap u-layout-wrap-1\">\n          <div class=\"u-layout\">\n            <div class=\"u-layout-row\">\n              <div class=\"u-container-style u-layout-cell u-size-22 u-layout-cell-1\">\n                <div class=\"u-container-layout u-container-layout-1\">\n                  <h3 class=\"u-align-center-xs u-align-left-lg u-align-left-md u-align-left-sm u-align-left-xl u-text u-text-black u-text-default u-text-1\"> Colectare echipamente electrice \u0219i electronice (DEEE-uri)<\/h3>\n                <\/div>\n              <\/div>\n              <div class=\"u-container-style u-layout-cell u-size-38 u-layout-cell-2\">\n                <div class=\"u-container-layout u-container-layout-2\">\n                  <p class=\"u-align-center-xs u-text u-text-black u-text-default-lg u-text-default-md u-text-default-sm u-text-default-xl u-text-2\">De\u0219eurile de\nechipamente electrice \u0219i electronice (DEEE-uri) sunt echipamente care func\u021bioneaz\u0103\npe baz\u0103 de baterii sau energie electric\u0103 \u0219i care nu mai sunt utilizabile din diferite\nmotive. Acestea includ o varietate de produse de uz casnic precum frigidere, ma\u0219ini\nde spalat, televizoare, cuptoare cu microunde, aparate de aer condi\u021bionat dar\n\u0219i computere, telefoane mobile etc.<br>\n                    <br> Clien\u021bii pot aduce echipamentele nefunc\u021bionale la centrul nostru de colectare,\nsituat pe Bulevardul Aurel Vlaicu, nr. 290 A. din Constan\u021ba. Pentru informa\u021bii\nsuplimentare, v\u0103 rug\u0103m sa ne contacta\u021bi la nr. de telefon 0723 372 163. \n                  <\/p>\n                <\/div>\n              <\/div>\n            <\/div>\n          <\/div>\n        <\/div>\n      <\/div>\n    <\/section>\n    <section class=\"u-clearfix u-container-align-center u-image u-section-11\" id=\"sec-c03e\" style=\"background-image: url(&quot;https:\/\/polaris-mh.ro\/wp-content\/uploads\/2025\/04\/background-website-oficial.jpg&quot;);\">\n      <div class=\"u-clearfix u-sheet u-valign-middle u-sheet-1\">\n        <h3 class=\"u-align-center u-custom-font u-font-raleway u-text u-text-black u-text-1\">Beneficiile comunit\u0103\u021bii al\u0103turi de Polaris M Holding<\/h3>\n        <p class=\"u-align-center u-custom-font u-font-raleway u-text u-text-black u-text-2\">Polaris M Holding\nreprezint\u0103 un partener de \u00eencredere pentru comunitate, deoarece contribuie prin\nserviciile sale la p\u0103strarea unui mediu mai curat , mai s\u0103n\u0103tos \u0219i promoveaz\u0103\nun comportament corect pentru un stil de via\u021b\u0103 c\u00e2t mai sustenabil.<br>&nbsp;<br>Cu un sistem modern de gestionare a de\u0219eurilor, echipamente de ultim\u0103 genera\u021bie\n\u0219i o echip\u0103 dedicat\u0103, Polaris M HOLDING reprezint\u0103 unul dintre cei mai mari\nangajatori priva\u021bi din domeniul salubrit\u0103\u021bii. \n        <\/p>\n      <\/div>\n    <\/section>\n    \n    \n    \n    \n  \n<\/div><\/div>","protected":false},"excerpt":{"rendered":"<p>ServiciiPolaris M Holding Polaris M Holding ofer\u0103&nbsp; servicii esen\u021biale pentru men\u021binerea unui mediu curat \u0219i s\u0103n\u0103tos:&nbsp;&#8211; colectarea \u0219i transportul de\u0219eurilor menajere \u0219i reciclabile, &nbsp;&#8211; salubrizarea stradal\u0103, &#8211; desz\u0103pezirea&nbsp; \u00een sezonul rece, &nbsp;&#8211; gestionarea sta\u021biilor de sortare \u0219i tratare a de\u0219eurilor. Compania utilizeaz\u0103 tehnologii moderne \u0219i echipamente performante pentru a asigura servicii eficiente \u0219i sustenabile.&nbsp; Polaris [&hellip;]<\/p>\n","protected":false},"author":1,"featured_media":0,"parent":0,"menu_order":0,"comment_status":"closed","ping_status":"closed","template":"elementor_header_footer","meta":{"footnotes":""},"class_list":["post-106","page","type-page","status-publish","hentry"],"_links":{"self":[{"href":"https:\/\/polaris-mh.ro\/index.php\/wp-json\/wp\/v2\/pages\/106","targetHints":{"allow":["GET"]}}],"collection":[{"href":"https:\/\/polaris-mh.ro\/index.php\/wp-json\/wp\/v2\/pages"}],"about":[{"href":"https:\/\/polaris-mh.ro\/index.php\/wp-json\/wp\/v2\/types\/page"}],"author":[{"embeddable":true,"href":"https:\/\/polaris-mh.ro\/index.php\/wp-json\/wp\/v2\/users\/1"}],"replies":[{"embeddable":true,"href":"https:\/\/polaris-mh.ro\/index.php\/wp-json\/wp\/v2\/comments?post=106"}],"version-history":[{"count":9,"href":"https:\/\/polaris-mh.ro\/index.php\/wp-json\/wp\/v2\/pages\/106\/revisions"}],"predecessor-version":[{"id":1433,"href":"https:\/\/polaris-mh.ro\/index.php\/wp-json\/wp\/v2\/pages\/106\/revisions\/1433"}],"wp:attachment":[{"href":"https:\/\/polaris-mh.ro\/index.php\/wp-json\/wp\/v2\/media?parent=106"}],"curies":[{"name":"wp","href":"https:\/\/api.w.org\/{rel}","templated":true}]}}