{"id":1452,"date":"2025-06-23T09:23:58","date_gmt":"2025-06-23T09:23:58","guid":{"rendered":"https:\/\/polaris-mh.ro\/?page_id=1452"},"modified":"2025-06-23T09:23:58","modified_gmt":"2025-06-23T09:23:58","slug":"termeniconditii","status":"publish","type":"page","link":"https:\/\/polaris-mh.ro\/index.php\/termeniconditii\/","title":{"rendered":"Termeni&amp;Conditii"},"content":{"rendered":"\n<p><strong>I.Termeni generali si defini\u021bii<\/strong><\/p>\n\n\n\n<p>POLARIS M.HOLDING SRL ( <strong>Polaris.ro ) <\/strong>este persoan\u0103 juridic\u0103 rom\u00e2n\u0103, cu sediul \u00een Rom\u00e2nia, Mun. Constan\u0163a, Str. Spiru Haret Nr. 2A, Pavilion Administrativ, Parter, Cam.nr.1, Jud. Constan\u0163a, \u00eenmatriculat\u0103 la Oficiul Registrului Comertului Constan\u0163a sub nr. J1999001645132, Cod Unic de \u00cenregistrare (C.U.I.): <a>12079629<\/a> si este numit in continuare Furnizor.<\/p>\n\n\n\n<p><strong>Clientul<\/strong>&nbsp;este orice persoan\u0103 fizic\u0103 sau juridic\u0103 care are acces liber la site-ul&nbsp;<a href=\"http:\/\/www.polaris.ro\">www.polaris.ro<\/a> \u0219i care poate completa un formular de \u00eenregistrare (Cont &#8211; My Polaris) pe care \u00eel va folosi la realizarea platilor online.<\/p>\n\n\n\n<p><strong>Site \u2013 domeniul <u>www.polaris.ro<\/u><\/strong><\/p>\n\n\n\n<p><strong>Con\u021binut&nbsp;<\/strong>\u2013 toate informa\u021biile de pe site care pot fi vizualizate prin intermediul unui echipament electronic;<\/p>\n\n\n\n<p><strong>My Polaris\u00a0<\/strong>\u2013 o platforma definita ca modalitate de comunicare \u00eentre Furnizor \u0219i Client utilizat pentru a exprima inten\u021bia de plati online pe site.<\/p>\n\n\n\n<p><strong>Contract<\/strong>&nbsp;\u2013 este contractul de prestari servicii la distan\u021b\u0103 \u00eencheiat \u00eentre Furnizor si Client, f\u0103r\u0103 prezen\u021ba fizic\u0103 simultan\u0103 a Furnizorului \u0219i Clientului.<\/p>\n\n\n\n<p>Pentru <em>incheierea unui contract \u00een mediul online<\/em> se va accesa rubrica \u2013 informatii utile \u2013 incheiere contract online &#8211; completand pa\u0219ii, se trimite cererea, aceasta se confirm\u0103 in 48-72 ore, apoi se trimite contactul de catre client pe e-mail pentru semnare, se semneaz\u0103 \u0219i se trimite \u00eenapoi \u0219i \u00een decurs de 48-72 ore de c\u0103tre Polaris.<\/p>\n\n\n\n<p>Utilizarea site-ului ca \u0219i Client presupune implicit acceptarea tacit\u0103 \u0219i f\u0103r\u0103 rezerve a acestor termeni \u0219i condi\u021bii, cu toate consecin\u021bele care reies din acestea. Furnizorul \u00ee\u0219i asuma dreptul de a modifica aceste prevederi f\u0103r\u0103 alt\u0103 notificare.<\/p>\n\n\n\n<p>Termenii \u0219i condi\u021biile de mai jos au valoare contractual\u0103 intre <a>Polaris.ro <\/a>numit \u00een continuare Furnizor si Client.<\/p>\n\n\n\n<p><strong>Se recomanda Clientului citirea cu aten\u021bie a termenilor&nbsp;\u0219i condi\u021biilor.<\/strong><\/p>\n\n\n\n<p>POLARIS M.HOLDING SRL ( <strong>Polaris.ro )<\/strong> \u00ee\u0219i rezerv\u0103 dreptul de a face modific\u0103ri \u0219i actualiz\u0103ri ale acestor termeni \u0219i condi\u021bii, f\u0103r\u0103 o notificare prealabil\u0103 \u0219i f\u0103r\u0103 precizarea motivelor; de asemenea, POLARIS M.HOLDING SRL ( <strong>Polaris.ro )<\/strong> \u00ee\u0219i rezerv\u0103 dreptul de a corecta eventuale omisiuni sau erori \u00een afi\u0219are care pot surveni \u00een urma unor gre\u0219eli de dactilografiere, lips\u0103 de acurate\u021be, f\u0103r\u0103 a anun\u021ba \u00een prealabil.<\/p>\n\n\n\n<p>\u00cen general, inten\u021bia noastr\u0103 este s\u0103 colect\u0103m doar datele cu caracter personal necesare \u00een vederea prest\u0103rii serviciilor indicate \u00een contract cum ar fi: nume, prenume, adres\u0103, CNP (doar in masura in care este absolut necesar), e-mail, numar de telefon care sunt necesare \u00eendeplinirii scopului pentru care au fost colectate, ca urmare a unor procese interne care urm\u0103resc obliga\u021biile noastre legale sau de diligen\u021b\u0103 precum: executarea contractului de prest\u0103ri servicii de salubritate \u00eencheiat cu societatea noastra, prestarea serviciilor de salubritate, emiterea facturilor, colectarea crean\u021belor precum \u0219i rezolvarii solicitarilor persoanelor vizate \u00een legatur\u0103 cu activitatea desfa\u0219urat\u0103.<\/p>\n\n\n\n<p>Putem partaja date cu caracter personal c\u0103tre ter\u021be p\u0103r\u021bi \u00een m\u0103sura \u00een care este necesar, ca efect al unei obliga\u021bii legale, pentru nevoile noastre legitime, administrative sau pentru a analiza \u0219i a r\u0103spunde solicit\u0103rilor dumneavoastra.<\/p>\n\n\n\n<p>Legea ne permite s\u0103 prelucr\u0103m date cu caracter personal at\u00e2t timp c\u00e2t avem un temei legal pentru a face acest lucru.<\/p>\n\n\n\n<p>De asemenea, depunem eforturi rezonabile pentru a p\u0103stra datele cu caracter personal numai at\u00e2t timp c\u00e2t:<\/p>\n\n\n\n<p>i) informa\u021biile sunt necesare pentru atingerea scopului;<\/p>\n\n\n\n<p>ii) sunt necesare pentru a respecta cerin\u021bele legale;<\/p>\n\n\n\n<p>iii) p\u00e2n\u0103 la exercitarea dreptului de \u0219tergere a datelor.&nbsp;<\/p>\n\n\n\n<p>Perioada \u00een care se p\u0103streaz\u0103 datele va depinde de natura \u0219i circumstan\u021bele specifice \u00een care au fost colectate informa\u021biile.<\/p>\n\n\n\n<p><strong>II.Drepturi de autor<\/strong><\/p>\n\n\n\n<p>\u00centregul con\u021binut al Site-ului \u2013 imagini , fotografii, texte, grafice , simboluri, elemente de grafic\u0103 web, scripturi, programe \u0219i alte date \u2013 este proprietatea Furnizorului \u0219i este ap\u0103rat de legea pentru protec\u021bia drepturilor de autor \u0219i de legile privind proprietatea intelectual\u0103 \u0219i industrial\u0103. Folosirea, preluarea, copierea sau modificarea f\u0103r\u0103 acordul Furnizorului a oric\u0103ror elemente enumerate mai sus, chiar daca aceste elemente poart\u0103 marcaje de protec\u021bie, atrage dup\u0103 sine consecin\u021bele prev\u0103zute de legisla\u021bia in vigoare.<\/p>\n\n\n\n<p>Pentru a ne sesiza orice \u00eenc\u0103lcare privind legea pentru protec\u021bia drepturilor de autor, ne pute\u021bi contacta la la&nbsp;numarul de telefon 0728281761 si e-mail &#x73;&#101;&#115;i&#x7a;&#x61;&#114;i&#x40;&#x70;&#111;l&#x61;&#x72;&#105;s&#x2e;&#x72;&#111;<\/p>\n\n\n\n<p>Accesul liber la site \u0219i la con\u021binutul site-ului si utilizarea lor sunt permise doar pentru uz personal, f\u0103r\u0103 scop direct ori indirect comercial. Copierea, stocarea, modificarea ori transferarea cu orice titlu, in parte ori \u00eentreg al site-ului \u0219i\/sau al con\u021binutului nu sunt permise f\u0103r\u0103 acordul explicit, scris, al Furnizorului \u0219i sunt sanc\u021bionate potrivit legisla\u021biei \u00een vigoare.<\/p>\n\n\n\n<p>Este pus \u00een aplicare regulamentul general privind protec\u021bia persoanelor fizice \u00een leg\u0103tur\u0103 cu prelucrarea datelor cu caracter personal (GDPR).<\/p>\n\n\n\n<p><strong>Contacta\u021bi-ne<\/strong><\/p>\n\n\n\n<p>Pentru orice \u00eentreb\u0103ri legate de Politica de confiden\u021bialitate, v\u0103 rug\u0103m s\u0103 ne contacta\u021bi la&nbsp;numarul de telefon 0728281761 si e-mail &#x73;&#101;&#115;i&#x7a;&#x61;&#114;i&#x40;&#x70;&#111;la&#x72;&#105;&#115;&#46;&#x72;&#x6f;<\/p>\n\n\n\n<p><strong>III. Statutul de client<\/strong><\/p>\n\n\n\n<p>Sunte\u021bi responsabil(\u0103) de p\u0103strarea \u00een siguran\u021b\u0103 a parolei de acces la contul pe care vi l-a\u021bi creat \u00een acest Site, orice activitate desf\u0103\u0219urat\u0103 sub numele dumneavoastr\u0103 de utilizator (Client) adresa de email fiind integral in responsabilitatea dumneavoastr\u0103.<\/p>\n\n\n\n<p>Aveti responsabilitatea de a ne \u00een\u0219tiin\u021ba &nbsp;in legatura cu orice pierdere a parolei sau semn de activitate neautorizat\u0103 sub numele dumneavoastr\u0103 de client.<\/p>\n\n\n\n<p>Sunte\u021bi \u00een deplin\u0103 cuno\u0219tin\u021b\u0103 de cauz\u0103 c\u0103 pentru orice utilizare a Site-ului nostru, pentru orice plat\u0103 f\u0103cut\u0103 din contul dumneavoastr\u0103 \u00een acest site, sunte\u021bi pe deplin responsabil.<\/p>\n\n\n\n<p>In momentul \u00een care v\u0103 crea\u021bi un cont ave\u021bi obliga\u021bia s\u0103 furniza\u021bi informa\u021bii adev\u0103rate, corecte, actuale \u0219i complete despre dumneavoastr\u0103 a\u0219a cum sunt specificate \u00een c\u00e2mpurile de \u00eenregistrare ca utilizator.<\/p>\n\n\n\n<p>In cazul \u00een care consider\u0103m ca a\u021bi \u00eenc\u0103lcat aceste obliga\u021bii, ne rezervam dreptul de a v\u0103 bloca accesul pe o perioada nedeterminat\u0103, f\u0103r\u0103 nici o notificare prealabil\u0103.<\/p>\n\n\n\n<p><strong>IV. Facturare<\/strong><\/p>\n\n\n\n<p>Factura se trimite pe e-mail in format electronic sau se regaseste in contul My Polaris, unde se poate plati online. Pentru plata, clientul trebuie sa isi creeze un cont nou si sa insereze datele cerute, asta daca nu are deja unul.<\/p>\n\n\n\n<p>La facturare, furnizorul va trimite chitanta de la procesatorul de plati NETOPIA in format electronic la adresa de e-mail a clientului.<\/p>\n\n\n\n<p><strong>V. Modalitatea de plat\u0103&nbsp;<\/strong><\/p>\n\n\n\n<p>1. PLATA PRIN ORDIN DE PLATA\/VIRAMENT BANCAR<\/p>\n\n\n\n<p>Plata prin aceasta modalitate se face in urmatoarele conturi aferente punctelor de lucru:<\/p>\n\n\n\n<p><strong>CONSTANTA<\/strong>: RO40BACX0000004522230001, Unicredit Bank, Sucursala Constanta<\/p>\n\n\n\n<p><strong>MANGALIA<\/strong>: RO27BACX0000004522230041, Unicredit Bank, Sucursala Constanta<\/p>\n\n\n\n<p><strong>COSTINESTI<\/strong>: RO36BACX0000004522230170, Unicredit Bank, Sucursala Constanta<\/p>\n\n\n\n<p><strong>ARAD<\/strong> &#8211; RO58BACX0000004522230065, Unicredit Bank, Sucursala Constanta<\/p>\n\n\n\n<p><strong>ALBA<\/strong> <strong>IULIA<\/strong> &#8211; RO72BACX0000004522230104, Unicredit Bank, Sucursala Constanta<\/p>\n\n\n\n<p><strong>BRAILA<\/strong> &#8211; RO68BACX0000004522230176, Unicredit Bank, Sucursala Constanta<\/p>\n\n\n\n<p><strong>TIMISOARA<\/strong> &#8211; RO44BACX0000004522230123, Unicredit Bank, Sucursala Constanta<\/p>\n\n\n\n<p><strong>FOCSANI<\/strong> &#8211; RO30BACX000000452223018, Unicredit Bank, Sucursala Constanta<\/p>\n\n\n\n<p><strong>TG JIU<\/strong> \u2013 RO67BTRL0140120270087500, Banca Transilvania, Sucursala Constanta<\/p>\n\n\n\n<p>Inainte de efectuarea platii, va rugam sa mentionati in detaliile transferului urmatoarele informatii de pe factura: Titular contract, CUI, Serie si numar factura, ID client, ID factura<\/p>\n\n\n\n<p>2. PLATA ONLINE CU CARD<\/p>\n\n\n\n<p>Accept\u0103m plata cu carduri VISA, Master Card si Visa Electron, conform procesatorului nostru NETOPIA. Banii vor fi retra\u0219i din cont \u00een momentul finaliz\u0103rii \u0219i confirm\u0103rii platii, \u00een urma complet\u0103rii datelor cardului \u0219i a sumei aferente facturii \u00een interfa\u021ba procesatorului de pl\u0103ti ce se va deschide \u00een pagina contului.<\/p>\n\n\n\n<p><strong>VI. Limitarea de responsabilitate<\/strong><\/p>\n\n\n\n<p>In cazul \u00een care un Utilizator\/Client consider\u0103 ca un con\u021binut expediat prin orice mijloc de c\u0103tre Furnizor violeaz\u0103 drepturile de copyright sau orice alte drepturi, acesta poate sa contacteze Furnizorul, astfel \u00eenc\u00e2t acesta sa poat\u0103 lua o decizie \u00een cuno\u0219tin\u021ba de cauz\u0103.<\/p>\n\n\n\n<p>Furnizorul nu garanteaz\u0103 Clientului acces pe site sau la serviciu \u0219i nu \u00eei confer\u0103 dreptul de a desc\u0103rca sau de a modifica par\u021bial \u0219i\/sau integral con\u021binutul, de a reproduce par\u021bial sau integral con\u021binutul, de a copia, sau de a exploata orice con\u021binut \u00een orice alta manier\u0103, sau de a transfera vreunui ter\u021b orice con\u021binut asupra c\u0103ruia are \u0219i\/sau a ob\u021binut acces, \u00een baza unui acord de utilizare, f\u0103r\u0103 acordul prealabil scris al Furnizorului.<\/p>\n\n\n\n<p>Furnizorul nu r\u0103spunde de con\u021binutul, calitatea sau natura altor site-uri la care se ajunge prin leg\u0103turi din con\u021binut, indiferent de natura acestor leg\u0103turi. Pentru respectivele site-uri, r\u0103spunderea o poart\u0103, integral, proprietarii acestora.<\/p>\n\n\n\n<p>Furnizorul este exonerat de orice vin\u0103 \u00een cazul utiliz\u0103rii site-urilor \u0219i\/sau al con\u021binutului transmis c\u0103tre Client prin orice mijloc (electronic, telefonic, etc), prin intermediul siteurilor, email-ului, atunci c\u00e2nd aceasta utilizare a con\u021binutului poate sau produce pagube de orice natur\u0103 de partea Clientului \u0219i\/sau oric\u0103rui ter\u021b implicat in acest transfer de Con\u021binut.<\/p>\n\n\n\n<p><strong>VII. Litigii<\/strong><\/p>\n\n\n\n<p>Orice conflict ap\u0103rut \u00eentre Client si Furnizor va fi rezolvat pe cale amiabila prin \u00een\u021belegere \u00eentre cele doua p\u0103r\u021bi. In cazul \u00een care acest lucru nu este posibil, competen\u021ba revine instan\u021belor de judecat\u0103 romane, instan\u021ba judec\u0103toreasc\u0103 pe a c\u0103rei raza teritorial\u0103 se afl\u0103 sediul POLARIS M. HOLDING S.R.L.<\/p>\n\n\n\n<p><strong>VIII. For\u021ba major\u0103<\/strong><\/p>\n\n\n\n<p>For\u0163a major\u0103 exonereaz\u0103 p\u0103r\u0163ile de r\u0103spundere \u00een cazul \u00een care aceasta este dovedit\u0103 \u00een condi\u0163iile legii.<\/p>\n\n\n\n<p>Partea care, din cauz\u0103 de for\u0163\u0103 major\u0103, nu \u00ee\u015fi poate respecta obliga\u0163iile contractuale va \u00een\u015ftiin\u0163a \u00een scris cealalt\u0103 parte contractant\u0103, \u00een termen de cel mult 5 zile de la data \u00eencet\u0103rii situa\u0163iei de for\u0163\u0103 major\u0103.<\/p>\n\n\n\n<p><strong>IX. Dispozi\u021bii finale<\/strong><\/p>\n\n\n\n<p>Furnizorul \u00ee\u0219i rezerv\u0103 dreptul de a putea efectua orice modific\u0103ri ale acestor prevederi, precum \u0219i orice modific\u0103ri asupra Site-ului, structurii acestuia sau orice alte modific\u0103ri ce ar putea afecta Site-ul, f\u0103r\u0103 a fi necesar\u0103 vreo modificare prealabil\u0103 a utilizatorului sau Clientului.<\/p>\n\n\n\n<p>Furnizorul nu va putea fi f\u0103cut responsabil pentru eventualele erori ap\u0103rute pe Site din orice cauz\u0103, inclusiv din cauza unor modific\u0103ri sau set\u0103ri care nu sunt f\u0103cute de administratorul Site-ului.<\/p>\n","protected":false},"excerpt":{"rendered":"<p>I.Termeni generali si defini\u021bii POLARIS M.HOLDING SRL ( Polaris.ro ) este persoan\u0103 juridic\u0103 rom\u00e2n\u0103, cu sediul \u00een Rom\u00e2nia, Mun. Constan\u0163a, Str. Spiru Haret Nr. 2A, Pavilion Administrativ, Parter, Cam.nr.1, Jud. Constan\u0163a, \u00eenmatriculat\u0103 la Oficiul Registrului Comertului Constan\u0163a sub nr. J1999001645132, Cod Unic de \u00cenregistrare (C.U.I.): 12079629 si este numit in continuare Furnizor. Clientul&nbsp;este orice persoan\u0103 [&hellip;]<\/p>\n","protected":false},"author":1,"featured_media":0,"parent":0,"menu_order":0,"comment_status":"closed","ping_status":"closed","template":"","meta":{"footnotes":""},"class_list":["post-1452","page","type-page","status-publish","hentry"],"_links":{"self":[{"href":"https:\/\/polaris-mh.ro\/index.php\/wp-json\/wp\/v2\/pages\/1452","targetHints":{"allow":["GET"]}}],"collection":[{"href":"https:\/\/polaris-mh.ro\/index.php\/wp-json\/wp\/v2\/pages"}],"about":[{"href":"https:\/\/polaris-mh.ro\/index.php\/wp-json\/wp\/v2\/types\/page"}],"author":[{"embeddable":true,"href":"https:\/\/polaris-mh.ro\/index.php\/wp-json\/wp\/v2\/users\/1"}],"replies":[{"embeddable":true,"href":"https:\/\/polaris-mh.ro\/index.php\/wp-json\/wp\/v2\/comments?post=1452"}],"version-history":[{"count":1,"href":"https:\/\/polaris-mh.ro\/index.php\/wp-json\/wp\/v2\/pages\/1452\/revisions"}],"predecessor-version":[{"id":1464,"href":"https:\/\/polaris-mh.ro\/index.php\/wp-json\/wp\/v2\/pages\/1452\/revisions\/1464"}],"wp:attachment":[{"href":"https:\/\/polaris-mh.ro\/index.php\/wp-json\/wp\/v2\/media?parent=1452"}],"curies":[{"name":"wp","href":"https:\/\/api.w.org\/{rel}","templated":true}]}}