{"id":1466,"date":"2025-06-23T09:27:50","date_gmt":"2025-06-23T09:27:50","guid":{"rendered":"https:\/\/polaris-mh.ro\/?page_id=1466"},"modified":"2025-06-23T09:27:50","modified_gmt":"2025-06-23T09:27:50","slug":"politica-de-plata-online","status":"publish","type":"page","link":"https:\/\/polaris-mh.ro\/index.php\/politica-de-plata-online\/","title":{"rendered":"Politica de Plata Online"},"content":{"rendered":"\n<ol start=\"1\" class=\"wp-block-list\">\n<li><strong>Online cu cont<\/strong><\/li>\n<\/ol>\n\n\n\n<p>&nbsp;&nbsp;&nbsp;&nbsp; Pentru a plati online trebuie sa iti creezi un cont pe site-ul polaris.ro&nbsp;(daca nu ai deja unul).<\/p>\n\n\n\n<ul class=\"wp-block-list\">\n<li>Pasul 1 Accesati site-ul nostru: polaris.ro<\/li>\n\n\n\n<li>Pasul 2 Accesati sectiunea\u00a0My Polaris &#8211; <a href=\"https:\/\/my.polaris.ro\/Login.aspx\">Plata online<\/a>\u00a0de pe site si creati un cont selectand optiunea &#8222;Nu am cont&#8221;. Odata inregistrat, veti putea efectua plata rapid si in siguranta.<\/li>\n<\/ul>\n\n\n\n<ol start=\"2\" class=\"wp-block-list\">\n<li><strong>Plata prin Card<\/strong><\/li>\n<\/ol>\n\n\n\n<ul class=\"wp-block-list\">\n<li>Online pe site-ul nostru: polaris.ro \u00a0accesand My Polaris &#8211; <a href=\"https:\/\/my.polaris.ro\/Login.aspx\">Plata online<\/a>;\n<ul class=\"wp-block-list\">\n<li>Se pot efectua plati online cu cardul (personal sau al firmei) in deplina siguranta, prin procesatorul de plati <strong>NETOPIA<\/strong>;<\/li>\n\n\n\n<li>La facturare, furnizorul va trimite chitanta de la procesatorul de plati NETOPIA in format electronic la adresa de e-mail a clientului;<\/li>\n\n\n\n<li>Cardurile acceptate sunt cele emise sub siglele\u00a0<strong>VISA (Classic si Electron) si MASTERCARD<\/strong>;<\/li>\n\n\n\n<li>Pentru finalizarea oricarei tranzactii trebuie furnizat:\n<ul class=\"wp-block-list\">\n<li>codul cardului (toate cifrele de pe fata cardului);<\/li>\n\n\n\n<li>data de expirare;<\/li>\n\n\n\n<li>ultimele trei cifre de pe spatele cardului.<\/li>\n<\/ul>\n<\/li>\n<\/ul>\n<\/li>\n\n\n\n<li>Ordin de plata\n<ul class=\"wp-block-list\">\n<li>Se genereaza factura si va trimite de catre un reprezentant al societatii POLARIS M HOLDING S.R.L. pe e-mail in format electronic sau se regaseste in contul My Polaris.<\/li>\n\n\n\n<li>Plata se efectueaza prin virament bancar in lei (prin ordin de plata sau din aplicatia de mobile banking) in contul mentionat pe factura, aferent punctului de lucru;<\/li>\n\n\n\n<li>Inainte de efectuarea platii, va rugam sa mentionati in detaliile transferului urmatoarele informatii de pe factura:<\/li>\n<\/ul>\n<\/li>\n<\/ul>\n\n\n\n<p>\u2714 Titular contract<\/p>\n\n\n\n<p>\u2714 CUI<\/p>\n\n\n\n<p>\u2714 Serie si numar factura<\/p>\n\n\n\n<p>\u2714 ID client<\/p>\n\n\n\n<p>\u2714 ID factura<\/p>\n\n\n\n<ul class=\"wp-block-list\">\n<li>V\u0103 rug\u0103m s\u0103 ne contacta\u021bi telefonic \u00a00241.548.711 sau prin e-mail: &#x73;&#101;s&#x69;&#122;a&#x72;&#x69;&#64;&#x70;&#x6f;&#108;a&#x72;&#105;s&#x2e;&#x72;&#111; \u00een cazul \u00een care \u00eentampinati probleme.<\/li>\n<\/ul>\n","protected":false},"excerpt":{"rendered":"<p>&nbsp;&nbsp;&nbsp;&nbsp; Pentru a plati online trebuie sa iti creezi un cont pe site-ul polaris.ro&nbsp;(daca nu ai deja unul). \u2714 Titular contract \u2714 CUI \u2714 Serie si numar factura \u2714 ID client \u2714 ID factura<\/p>\n","protected":false},"author":1,"featured_media":0,"parent":0,"menu_order":0,"comment_status":"closed","ping_status":"closed","template":"","meta":{"footnotes":""},"class_list":["post-1466","page","type-page","status-publish","hentry"],"_links":{"self":[{"href":"https:\/\/polaris-mh.ro\/index.php\/wp-json\/wp\/v2\/pages\/1466","targetHints":{"allow":["GET"]}}],"collection":[{"href":"https:\/\/polaris-mh.ro\/index.php\/wp-json\/wp\/v2\/pages"}],"about":[{"href":"https:\/\/polaris-mh.ro\/index.php\/wp-json\/wp\/v2\/types\/page"}],"author":[{"embeddable":true,"href":"https:\/\/polaris-mh.ro\/index.php\/wp-json\/wp\/v2\/users\/1"}],"replies":[{"embeddable":true,"href":"https:\/\/polaris-mh.ro\/index.php\/wp-json\/wp\/v2\/comments?post=1466"}],"version-history":[{"count":1,"href":"https:\/\/polaris-mh.ro\/index.php\/wp-json\/wp\/v2\/pages\/1466\/revisions"}],"predecessor-version":[{"id":1467,"href":"https:\/\/polaris-mh.ro\/index.php\/wp-json\/wp\/v2\/pages\/1466\/revisions\/1467"}],"wp:attachment":[{"href":"https:\/\/polaris-mh.ro\/index.php\/wp-json\/wp\/v2\/media?parent=1466"}],"curies":[{"name":"wp","href":"https:\/\/api.w.org\/{rel}","templated":true}]}}