{"id":277,"date":"2025-03-24T13:34:08","date_gmt":"2025-03-24T13:34:08","guid":{"rendered":"https:\/\/polaris-mh.ro\/?page_id=277"},"modified":"2025-08-04T10:04:51","modified_gmt":"2025-08-04T10:04:51","slug":"avertizor-de-integritate","status":"publish","type":"page","link":"https:\/\/polaris-mh.ro\/index.php\/avertizor-de-integritate\/","title":{"rendered":"Avertizor de Integritate"},"content":{"rendered":"<div class=\"nicepage-container\"><div class=\"\" style=\"\" >        <script>\n            (function ($) {\n                var ResponsiveCms = window.ResponsiveCms;\n                if (!ResponsiveCms) {\n                    return;\n                }\n                ResponsiveCms.contentDom = $('script:last').parent();\n                ResponsiveCms.prevMode = \"SM\";\n\n                if (typeof ResponsiveCms.recalcClasses === 'function') {\n                    ResponsiveCms.recalcClasses();\n                }\n            })(jQuery);\n        <\/script>\n        \n    \n    <section class=\"skrollable skrollable-between u-align-center u-clearfix u-container-align-center u-container-align-center-lg u-container-align-center-md u-container-align-center-sm u-container-align-center-xl u-image u-uploaded-video u-section-2\" id=\"carousel_e226\" src=\"\" data-image-width=\"1400\" data-image-height=\"782\" style=\"background-image: url(&quot;https:\/\/polaris-mh.ro\/wp-content\/uploads\/2025\/04\/sesizari.jpg&quot;);\">\n      <div class=\"u-clearfix u-sheet u-valign-middle-lg u-valign-middle-sm u-valign-middle-xs u-sheet-1\">\n        <h5 class=\"u-align-left u-custom-font u-font-raleway u-text u-text-black u-text-default u-text-1\"> Transparen\u021b\u0103 \u0219i responsabilitate \u2013<br>&nbsp;\u00eempreun\u0103 pentru un mediu corect \u0219i echitabil!\n        <\/h5>\n        <h1 class=\"u-align-left u-custom-font u-font-raleway u-text u-text-black u-text-default u-text-2\"> Avertizor de integritate<\/h1>\n        <p class=\"u-align-left u-custom-font u-font-raleway u-large-text u-text u-text-black u-text-variant u-text-3\"> Toate sesiz\u0103rile transmise sunt tratate strict confiden\u021bial de c\u0103tre toate unit\u0103\u021bile implicate din Companie.<\/p>\n        <a href=\"#sec-6a6e\" class=\"u-active-black u-align-left u-border-1 u-border-active-white u-border-grey-90 u-border-hover-white u-btn u-btn-round u-button-style u-hover-black u-none u-radius u-text-active-white u-text-hover-white u-btn-1\">FORMULAR<\/a>\n      <\/div>\n    <\/section>\n    <section class=\"u-clearfix u-gradient u-section-3\" id=\"carousel_3ff9\">\n      <div class=\"u-clearfix u-sheet u-valign-middle u-sheet-1\">\n        <p class=\"u-align-center u-custom-font u-font-raleway u-text u-text-black u-text-1\"> Prezentul formular are c\u0103 scop raportarea \u0219i tratarea neregulilor \u00eent\u00e2mpinate \u00een rela\u021bie cu SC Polaris M Holding prin angaja\u021bii acestuia, de natur\u0103 s\u0103 amenin\u021be sau s\u0103 lezeze interesul public, care privesc \u00eenc\u0103lcarea legisla\u021biei, nerespectarea codului de conduit\u0103, abuzuri, discrimin\u0103ri, cazuri de corup\u021bie, furturi \u0219i alte situa\u021bii similare.<\/p>\n        <p class=\"u-align-center u-custom-font u-font-raleway u-text u-text-black u-text-2\"> Aceste nereguli ar putea s\u0103 se refere la:<\/p>\n        <div class=\"custom-expanded u-align-center u-list u-list-1\">\n          <div class=\"u-repeater u-repeater-1\">\n            <div class=\"u-container-align-center-md u-container-align-center-sm u-container-align-center-xs u-container-style u-list-item u-repeater-item\">\n              <div class=\"u-container-layout u-similar-container u-valign-top-lg u-valign-top-md u-valign-top-sm u-valign-top-xs u-container-layout-1\"><span class=\"u-align-center-md u-align-center-sm u-align-center-xs u-file-icon u-icon u-icon-rectangle u-icon-1\"><img decoding=\"async\" src=\"https:\/\/polaris-mh.ro\/wp-content\/uploads\/2025\/03\/390973.png\" alt=\"\"><\/span>\n                <h4 class=\"u-align-center-md u-align-center-sm u-align-center-xs u-custom-font u-font-raleway u-text u-text-black u-text-3\"> Incompeten\u021ba sau neglijen\u021ba \u00een serviciu<\/h4>\n              <\/div>\n            <\/div>\n            <div class=\"u-container-align-center-md u-container-align-center-sm u-container-align-center-xs u-container-style u-list-item u-repeater-item\">\n              <div class=\"u-container-layout u-similar-container u-valign-top-lg u-valign-top-md u-valign-top-sm u-valign-top-xs u-container-layout-2\"><span class=\"u-align-center-md u-align-center-sm u-align-center-xs u-file-icon u-icon u-icon-rectangle u-icon-2\"><img decoding=\"async\" src=\"https:\/\/polaris-mh.ro\/wp-content\/uploads\/2025\/03\/390973.png\" alt=\"\"><\/span>\n                <h4 class=\"u-align-center-md u-align-center-sm u-align-center-xs u-custom-font u-font-raleway u-text u-text-black u-text-4\"> Constr\u00e2ngere \u0219i amenin\u021b\u0103ri<\/h4>\n              <\/div>\n            <\/div>\n            <div class=\"u-container-align-center-md u-container-align-center-sm u-container-align-center-xs u-container-style u-list-item u-repeater-item\">\n              <div class=\"u-container-layout u-similar-container u-valign-top-lg u-valign-top-md u-valign-top-sm u-valign-top-xs u-container-layout-3\"><span class=\"u-align-center-md u-align-center-sm u-align-center-xs u-file-icon u-icon u-icon-rectangle u-icon-3\"><img decoding=\"async\" src=\"https:\/\/polaris-mh.ro\/wp-content\/uploads\/2025\/03\/390973.png\" alt=\"\"><\/span>\n                <h4 class=\"u-align-center-md u-align-center-sm u-align-center-xs u-custom-font u-font-raleway u-text u-text-black u-text-5\"> Fals \u0219i uz de fals \u00een acte publice<\/h4>\n              <\/div>\n            <\/div>\n            <div class=\"u-container-align-center-md u-container-align-center-sm u-container-align-center-xs u-container-style u-list-item u-repeater-item\">\n              <div class=\"u-container-layout u-similar-container u-valign-top-lg u-valign-top-md u-valign-top-sm u-valign-top-xs u-container-layout-4\"><span class=\"u-align-center-md u-align-center-sm u-align-center-xs u-file-icon u-icon u-icon-rectangle u-icon-4\"><img decoding=\"async\" src=\"https:\/\/polaris-mh.ro\/wp-content\/uploads\/2025\/03\/390973.png\" alt=\"\"><\/span>\n                <h4 class=\"u-align-center-md u-align-center-sm u-align-center-xs u-custom-font u-font-raleway u-text u-text-black u-text-6\"> Incompatibilitate \u0219i conflict de interese<\/h4>\n              <\/div>\n            <\/div>\n            <div class=\"u-container-align-center-md u-container-align-center-sm u-container-align-center-xs u-container-style u-list-item u-repeater-item\">\n              <div class=\"u-container-layout u-similar-container u-valign-top-lg u-valign-top-md u-valign-top-sm u-valign-top-xs u-container-layout-5\"><span class=\"u-align-center-md u-align-center-sm u-align-center-xs u-file-icon u-icon u-icon-rectangle u-icon-5\"><img decoding=\"async\" src=\"https:\/\/polaris-mh.ro\/wp-content\/uploads\/2025\/03\/390973.png\" alt=\"\"><\/span>\n                <h4 class=\"u-align-center-md u-align-center-sm u-align-center-xs u-custom-font u-font-raleway u-text u-text-black u-text-7\"> Evalu\u0103ri neobiective ale personalului \u00een procesul de recrutare, selectare, promovare, retrogradare \u0219i eliberare din func\u021bie<\/h4>\n              <\/div>\n            <\/div>\n            <div class=\"u-container-align-center-md u-container-align-center-sm u-container-align-center-xs u-container-style u-list-item u-repeater-item\">\n              <div class=\"u-container-layout u-similar-container u-valign-top-lg u-valign-top-md u-valign-top-sm u-valign-top-xs u-container-layout-6\"><span class=\"u-align-center-md u-align-center-sm u-align-center-xs u-file-icon u-icon u-icon-rectangle u-icon-6\"><img decoding=\"async\" src=\"https:\/\/polaris-mh.ro\/wp-content\/uploads\/2025\/03\/390973.png\" alt=\"\"><\/span>\n                <h4 class=\"u-align-center-md u-align-center-sm u-align-center-xs u-custom-font u-font-raleway u-text u-text-black u-text-8\"> Abuz de \u00eencredere<\/h4>\n              <\/div>\n            <\/div>\n            <div class=\"u-container-align-center-md u-container-align-center-sm u-container-align-center-xs u-container-style u-list-item u-repeater-item\">\n              <div class=\"u-container-layout u-similar-container u-valign-top-lg u-valign-top-md u-valign-top-sm u-valign-top-xs u-container-layout-7\"><span class=\"u-align-center-md u-align-center-sm u-align-center-xs u-file-icon u-icon u-icon-rectangle u-icon-7\"><img decoding=\"async\" src=\"https:\/\/polaris-mh.ro\/wp-content\/uploads\/2025\/03\/390973.png\" alt=\"\"><\/span>\n                <h4 class=\"u-align-center-md u-align-center-sm u-align-center-xs u-custom-font u-font-raleway u-text u-text-black u-text-9\"> \u0218antaj<\/h4>\n              <\/div>\n            <\/div>\n            <div class=\"u-container-align-center-md u-container-align-center-sm u-container-align-center-xs u-container-style u-list-item u-repeater-item\">\n              <div class=\"u-container-layout u-similar-container u-valign-top-lg u-valign-top-md u-valign-top-sm u-valign-top-xs u-container-layout-8\"><span class=\"u-align-center-md u-align-center-sm u-align-center-xs u-file-icon u-icon u-icon-rectangle u-icon-8\"><img decoding=\"async\" src=\"https:\/\/polaris-mh.ro\/wp-content\/uploads\/2025\/03\/390973.png\" alt=\"\"><\/span>\n                <h4 class=\"u-align-center-md u-align-center-sm u-align-center-xs u-custom-font u-font-raleway u-text u-text-black u-text-10\"> Jaf, furt \u0219i delapidare<\/h4>\n              <\/div>\n            <\/div>\n          <\/div>\n        <\/div>\n      <\/div>\n    <\/section>\n    <section class=\"skrollable u-clearfix u-gradient u-image u-parallax u-section-4\" id=\"sec-7197\" style=\"background-image: url(&quot;https:\/\/polaris-mh.ro\/wp-content\/uploads\/2025\/04\/background-website-oficial.jpg&quot;), linear-gradient(rgb(24, 68, 41), rgb(24, 68, 41));\">\n      <div class=\"u-clearfix u-sheet u-valign-middle u-sheet-1\">\n        <div class=\"data-layout-selected u-clearfix u-expanded-width-xs u-layout-wrap u-layout-wrap-1\">\n          <div class=\"u-layout\">\n            <div class=\"u-layout-row\">\n              <div class=\"u-container-style u-layout-cell u-radius u-shape-round u-size-60 u-layout-cell-1\" data-image-width=\"284\" data-image-height=\"425\" data-animation-name=\"customAnimationIn\" data-animation-duration=\"1000\" data-animation-delay=\"0\" data-animation-direction=\"X\">\n                <div class=\"u-border-1 u-border-grey-75 u-container-layout u-valign-middle-lg u-valign-middle-sm u-valign-top-xl u-container-layout-1\">\n                  <p class=\"u-align-center-md u-align-center-sm u-align-center-xs u-align-left-lg u-align-left-xl u-custom-font u-font-raleway u-text u-text-black u-text-1\"> Toate rapoartele primite sunt atent investigate, \u00een deplin secret \u0219i confiden\u021bialitate. Sesiz\u0103rile vor fi selectate conform procedurii interne \u0219i vor fi revizuite cu aten\u021bie. Investiga\u021bia nu se va putea desf\u0103\u0219ura \u00een situa\u021bia \u00een care persoana&nbsp;care a transmis sesizarea\/raportul nu va&nbsp;putea fi contactat\u0103 pentru informa\u021bii suplimentare.&nbsp;<br>\n                    <br>Persoana care transmite sesizarea este sf\u0103tuit\u0103 s\u0103 nu comunice altor persoane detaliile aspectelor pe care el\/ea le-a raportat, av\u00e2nd \u00een vedere c\u0103 acest lucru ar putea z\u0103d\u0103rnici eforturile companiei de protejare a reclamantului \u0219i ar avea un impact nefavorabil asupra oric\u0103rei investiga\u021bii viitoare.&nbsp;<br>\n                    <br>Este eviden\u021biat faptul c\u0103 toate sesiz\u0103rile transmise sunt tratate strict confiden\u021bial de c\u0103tre toate unit\u0103\u021bile implicate din Companie.<br>\n                    <br>Compania nu va&nbsp;permite nicio ac\u021biune de represiune din partea managementului cu privire la persoanele care denun\u021b\u0103 cu bun\u0103 credin\u021b\u0103 o neregul\u0103, inclusiv dac\u0103 din verific\u0103rile efectuate aspectele nu se confirm\u0103&nbsp;sau se confirm\u0103 doar par\u021bial.\n                  <\/p>\n                <\/div>\n              <\/div>\n            <\/div>\n          <\/div>\n        <\/div>\n      <\/div>\n    <\/section>\n    <section class=\"u-align-center u-clearfix u-container-align-center u-container-align-center-lg u-container-align-center-xl u-white u-section-5\" id=\"sec-6a6e\">\n      <div class=\"u-clearfix u-sheet u-valign-middle-lg u-valign-middle-sm u-valign-middle-xs u-sheet-1\">\n        <div class=\"data-layout-selected u-clearfix u-expanded-width u-layout-wrap u-layout-wrap-1\">\n          <div class=\"u-layout\">\n            <div class=\"u-layout-row\">\n              <div class=\"u-align-center u-container-align-center u-container-style u-layout-cell u-left-cell u-size-26-lg u-size-26-xl u-size-60-md u-size-60-sm u-size-60-xs u-layout-cell-1\" data-animation-name=\"customAnimationIn\" data-animation-duration=\"1500\">\n                <div class=\"u-container-layout u-valign-middle-lg u-valign-middle-md u-valign-middle-sm u-valign-middle-xs u-container-layout-1\">\n                  <h2 class=\"u-align-center u-custom-font u-font-raleway u-text u-text-black u-text-default u-text-1\"> Formular semnalare nereguli<\/h2>\n                  <div class=\"u-align-left u-expanded-width u-form u-form-1\">\n                    <form action=\"https:\/\/polaris-mh.ro\/wp-content\/plugins\/nicepage\/templates\/form.php?id=277&formId=51c3-6a6e\" class=\"u-clearfix u-form-spacing-28 u-form-vertical u-inner-form\" style=\"padding: 0px;\" source=\"customphp\" name=\"form\">\n                      <div class=\"u-form-group u-form-name\">\n                        <label for=\"name-5a14\" class=\"u-label\">Nume<\/label>\n                        <input type=\"text\" placeholder=\"Nume\" id=\"name-5a14\" name=\"nume\" class=\"u-border-2 u-border-black u-border-no-left u-border-no-right u-border-no-top u-input u-input-rectangle u-text-black u-input-1\" required=\"\">\n                      <\/div>\n                      <div class=\"u-form-group\">\n                        <label for=\"email-5a14\" class=\"u-label\">Email<\/label>\n                        <input type=\"text\" placeholder=\"Email\" id=\"email-5a14\" name=\"email\" class=\"u-border-2 u-border-black u-border-no-left u-border-no-right u-border-no-top u-input u-input-rectangle u-text-black u-input-2\" required=\"required\">\n                      <\/div>\n                      <div class=\"u-form-group u-form-group-3\">\n                        <label for=\"text-a594\" class=\"u-label\">Telefon<\/label>\n                        <input type=\"text\" placeholder=\"Telefon\" id=\"text-a594\" name=\"telefon\" class=\"u-border-2 u-border-black u-border-no-left u-border-no-right u-border-no-top u-input u-input-rectangle u-text-black u-input-3\" required=\"required\">\n                      <\/div>\n                      <div class=\"u-form-group u-form-radiobutton u-form-group-4\">\n                        <label class=\"u-label\">Rela\u021bia profesional\u0103 cu SC POLARIS M HOLDING SRL:*<\/label>\n                        <div class=\"u-form-radio-button-wrapper\">\n                          <div class=\"u-input-row\">\n                            <input id=\"field-7855\" type=\"radio\" name=\"Rela\u021bia profesional\u0103 cu SC POLARIS M HOLDING SRL:*\" value=\"Angajat TESA\" class=\"u-field-input\" checked=\"checked\" data-calc=\"Angajat TESA\" required=\"required\">\n                            <label class=\"u-field-label\" for=\"field-7855\">Angajat TESA<\/label>\n                          <\/div>\n                          <div class=\"u-input-row\">\n                            <input id=\"field-5e23\" type=\"radio\" name=\"Rela\u021bia profesional\u0103 cu SC POLARIS M HOLDING SRL:*\" value=\"Angajat Operativ\" class=\"u-field-input\" data-calc=\"Angajat Operativ\" required=\"required\">\n                            <label class=\"u-field-label\" for=\"field-5e23\">Angajat Operativ<\/label>\n                          <\/div>\n                          <div class=\"u-input-row\">\n                            <input id=\"field-621a\" type=\"radio\" name=\"Rela\u021bia profesional\u0103 cu SC POLARIS M HOLDING SRL:*\" value=\"Colaborator\" class=\"u-field-input\" data-calc=\"Colaborator\" required=\"required\">\n                            <label class=\"u-field-label\" for=\"field-621a\">Colaborator<\/label>\n                          <\/div>\n                          <div class=\"u-input-row\">\n                            <input id=\"field-e755\" data-calc=\"Nicio relatie\" type=\"radio\" name=\"Rela\u021bia profesional\u0103 cu SC POLARIS M HOLDING SRL:*\" value=\"Nicio relatie\" class=\"u-field-input\" required=\"required\">\n                            <label class=\"u-field-label\" for=\"field-e755\">Nicio relatie<\/label>\n                          <\/div>\n                        <\/div>\n                      <\/div>\n                      <div class=\"u-form-group u-form-select u-form-group-5\">\n                        <label for=\"select-9845\" class=\"u-label\">Punct de lucru al reclamatului*<\/label>\n                        <div class=\"u-form-select-wrapper\">\n                          <select id=\"select-9845\" name=\"Punct de lucru al reclamatului\" class=\"u-border-2 u-border-black u-border-no-left u-border-no-right u-border-no-top u-input u-input-rectangle u-text-black u-input-4\" required=\"required\">\n                            <option data-calc=\"Alba Iulia\" value=\"Alba Iulia\">Alba Iulia<\/option>\n                          <\/select>\n                          <svg class=\"u-caret u-caret-svg u-text-black\" version=\"1.1\" id=\"Layer_1\" xmlns=\"http:\/\/www.w3.org\/2000\/svg\" xmlns:xlink=\"http:\/\/www.w3.org\/1999\/xlink\" x=\"0px\" y=\"0px\" width=\"16px\" height=\"16px\" viewBox=\"0 0 16 16\" style=\"fill:currentColor;\" xml:space=\"preserve\"><polygon class=\"st0\" points=\"8,12 2,4 14,4 \"><\/polygon><\/svg>\n                        <\/div>\n                      <\/div>\n                      <div class=\"u-form-group u-form-group-6\">\n                        <label for=\"text-a64c\" class=\"u-label\">Func\u021bie \/ ocupa\u021bie<\/label>\n                        <input type=\"text\" placeholder=\"Func\u021bie \/ ocupa\u021bie\" id=\"text-a64c\" name=\"Func\u021bie \/ ocupa\u021bie\" class=\"u-border-2 u-border-black u-border-no-left u-border-no-right u-border-no-top u-input u-input-rectangle u-text-black u-input-5\" required=\"required\">\n                      <\/div>\n                      <div class=\"u-form-group u-form-group-7\">\n                        <label for=\"text-a0ed\" class=\"u-label\">Alte informa\u021bii de identificare<\/label>\n                        <input type=\"text\" placeholder=\"Alte informa\u021bii de identificare\" id=\"text-a0ed\" name=\"Alte informatii de identificare\" class=\"u-border-2 u-border-black u-border-no-left u-border-no-right u-border-no-top u-input u-input-rectangle u-text-black u-input-6\">\n                      <\/div>\n                      <div class=\"u-form-group u-form-message\">\n                        <label for=\"message-5a14\" class=\"u-label\">Sesizare<\/label>\n                        <textarea placeholder=\"Sesizare\" rows=\"4\" cols=\"50\" id=\"message-5a14\" name=\"sesizare\" class=\"u-border-2 u-border-black u-border-no-left u-border-no-right u-border-no-top u-input u-input-rectangle u-text-black u-input-7\" required=\"\"><\/textarea>\n                      <\/div>\n                      <p class=\"u-form-group u-form-text u-text u-text-2\"> Prin transmiterea acestui formular confirm c\u0103:<\/p>\n                      <div class=\"u-form-checkbox u-form-group u-form-group-10\">\n                        <input type=\"checkbox\" id=\"checkbox-be40\" name=\"Autorizez schimbul de informa\u021bii referitoare la cazul meu dintre Polaris M Holding \u0219i alte institu\u021bii \u0219i organiza\u021bii\" value=\"On\" class=\"u-field-input\" required=\"required\">\n                        <label for=\"checkbox-be40\" class=\"u-field-label\">Autorizez schimbul de informa\u021bii referitoare la cazul meu dintre Polaris M Holding \u0219i alte institu\u021bii \u0219i organiza\u021bii<\/label>\n                      <\/div>\n                      <div class=\"u-form-checkbox u-form-group u-form-group-11\">\n                        <input type=\"checkbox\" id=\"checkbox-cfee\" name=\"Sunt de acord cu prelucrarea datelor cu caracter personal \u00een scopul investig\u0103rii faptelor expuse \u00een formularul de mai sus.\" value=\"On\" class=\"u-field-input\" required=\"required\">\n                        <label for=\"checkbox-cfee\" class=\"u-field-label\">Sunt de acord cu prelucrarea datelor cu caracter personal \u00een scopul investig\u0103rii faptelor expuse \u00een formularul de mai sus.<\/label>\n                      <\/div>\n                      <div class=\"u-align-left u-form-group u-form-submit\">\n                        <a href=\"#\" class=\"u-border-none u-btn u-btn-round u-btn-submit u-button-style u-hover-black u-palette-1-light-1 u-radius u-text-black u-text-hover-white u-btn-1\">TRIMITE <\/a>\n                        <input type=\"submit\" value=\"submit\" class=\"u-form-control-hidden\">\n                      <\/div>\n                      <div class=\"u-form-send-message u-form-send-success\">Thank you! Your message has been sent.<\/div>\n                      <div class=\"u-form-send-error u-form-send-message\">Unable to send your message. Please fix errors then try again.<\/div>\n                      <input type=\"hidden\" value=\"\" name=\"recaptchaResponse\">\n                    <\/form>\n                  <\/div>\n                <\/div>\n              <\/div>\n              <div class=\"u-container-align-center u-container-style u-image u-layout-cell u-right-cell u-size-34-lg u-size-34-xl u-size-60-md u-size-60-sm u-size-60-xs u-image-1\" data-animation-name=\"customAnimationIn\" data-animation-duration=\"1500\" data-animation-delay=\"500\" data-image-width=\"736\" data-image-height=\"1598\" style=\"background-image: url(&quot;https:\/\/polaris-mh.ro\/wp-content\/uploads\/2025\/05\/angajat-polaris2-1-1.jpg&quot;);\">\n                <div class=\"u-container-layout u-valign-middle u-container-layout-2\"><\/div>\n              <\/div>\n            <\/div>\n          <\/div>\n        <\/div>\n      <\/div>\n    <\/section>\n    \n    \n    \n    \n  \n<\/div><\/div>","protected":false},"excerpt":{"rendered":"<p>Transparen\u021b\u0103 \u0219i responsabilitate \u2013&nbsp;\u00eempreun\u0103 pentru un mediu corect \u0219i echitabil! Avertizor de integritate Toate sesiz\u0103rile transmise sunt tratate strict confiden\u021bial de c\u0103tre toate unit\u0103\u021bile implicate din Companie. FORMULAR Prezentul formular are c\u0103 scop raportarea \u0219i tratarea neregulilor \u00eent\u00e2mpinate \u00een rela\u021bie cu SC Polaris M Holding prin angaja\u021bii acestuia, de natur\u0103 s\u0103 amenin\u021be sau s\u0103 lezeze [&hellip;]<\/p>\n","protected":false},"author":1,"featured_media":0,"parent":0,"menu_order":0,"comment_status":"closed","ping_status":"closed","template":"elementor_header_footer","meta":{"footnotes":""},"class_list":["post-277","page","type-page","status-publish","hentry"],"_links":{"self":[{"href":"https:\/\/polaris-mh.ro\/index.php\/wp-json\/wp\/v2\/pages\/277","targetHints":{"allow":["GET"]}}],"collection":[{"href":"https:\/\/polaris-mh.ro\/index.php\/wp-json\/wp\/v2\/pages"}],"about":[{"href":"https:\/\/polaris-mh.ro\/index.php\/wp-json\/wp\/v2\/types\/page"}],"author":[{"embeddable":true,"href":"https:\/\/polaris-mh.ro\/index.php\/wp-json\/wp\/v2\/users\/1"}],"replies":[{"embeddable":true,"href":"https:\/\/polaris-mh.ro\/index.php\/wp-json\/wp\/v2\/comments?post=277"}],"version-history":[{"count":12,"href":"https:\/\/polaris-mh.ro\/index.php\/wp-json\/wp\/v2\/pages\/277\/revisions"}],"predecessor-version":[{"id":1437,"href":"https:\/\/polaris-mh.ro\/index.php\/wp-json\/wp\/v2\/pages\/277\/revisions\/1437"}],"wp:attachment":[{"href":"https:\/\/polaris-mh.ro\/index.php\/wp-json\/wp\/v2\/media?parent=277"}],"curies":[{"name":"wp","href":"https:\/\/api.w.org\/{rel}","templated":true}]}}