{"id":921,"date":"2025-04-08T14:24:15","date_gmt":"2025-04-08T14:24:15","guid":{"rendered":"https:\/\/polaris-mh.ro\/?page_id=921"},"modified":"2025-06-25T10:34:16","modified_gmt":"2025-06-25T10:34:16","slug":"csr","status":"publish","type":"page","link":"https:\/\/polaris-mh.ro\/index.php\/csr\/","title":{"rendered":"CSR"},"content":{"rendered":"<div class=\"nicepage-container\"><div class=\"\" style=\"\" >        <script>\n            (function ($) {\n                var ResponsiveCms = window.ResponsiveCms;\n                if (!ResponsiveCms) {\n                    return;\n                }\n                ResponsiveCms.contentDom = $('script:last').parent();\n                ResponsiveCms.prevMode = \"SM\";\n\n                if (typeof ResponsiveCms.recalcClasses === 'function') {\n                    ResponsiveCms.recalcClasses();\n                }\n            })(jQuery);\n        <\/script>\n        \n    \n    <section class=\"u-clearfix u-valign-middle-lg u-valign-middle-sm u-valign-middle-xs u-white u-section-2\" id=\"sec-7e2e\">\n      <div class=\"data-layout-selected u-clearfix u-expanded-width u-gutter-30 u-layout-wrap u-layout-wrap-1\">\n        <div class=\"u-gutter-0 u-layout\">\n          <div class=\"u-layout-col\">\n            <div class=\"u-size-30\">\n              <div class=\"u-layout-row\">\n                <div class=\"u-container-align-center-xs u-container-style u-layout-cell u-radius u-shape-round u-size-40 u-white u-layout-cell-1\" data-animation-name=\"flipIn\" data-animation-duration=\"3000\" data-animation-delay=\"0\" data-animation-direction=\"X\">\n                  <div class=\"u-container-layout u-valign-middle-lg u-valign-middle-md u-valign-middle-sm u-valign-middle-xs u-container-layout-1\">\n                    <h5 class=\"u-align-center-xs u-text u-text-black u-text-default u-text-1\">Polaris M Holding<\/h5>\n                    <h1 class=\"u-align-center-xs u-text u-text-black u-text-default u-text-2\"> Responsabilitate social\u0103 corporativ\u0103<\/h1>\n                    <p class=\"u-align-center-xs u-text u-text-black u-text-3\"> Un mediu curat se pastreaz\u0103 prin respectarea parteneriatului dintre generatorul de deseuri si operatorul de salubrizare. Numai \u00eempreun\u0103 putem men\u021bine cur\u0103\u021benia ora\u0219ului.<\/p>\n                    <a href=\"#sec-644e\" class=\"u-align-left u-btn u-button-style u-text-black u-btn-1\">CIte\u0219te mai mult<\/a>\n                  <\/div>\n                <\/div>\n                <div class=\"u-container-style u-image u-image-round u-layout-cell u-radius u-size-20 u-image-1\" data-image-width=\"1524\" data-image-height=\"1387\" style=\"background-image: url(&quot;https:\/\/polaris-mh.ro\/wp-content\/uploads\/2025\/04\/wegrwew.jpg&quot;);\">\n                  <div class=\"u-container-layout u-container-layout-2\"><\/div>\n                <\/div>\n              <\/div>\n            <\/div>\n            <div class=\"u-size-30\">\n              <div class=\"u-layout-row\">\n                <div class=\"u-container-style u-layout-cell u-size-20-lg u-size-20-xl u-size-40-md u-size-40-sm u-size-40-xs u-layout-cell-3\" data-animation-name=\"customAnimationIn\" data-animation-duration=\"1000\" data-animation-delay=\"0\" data-animation-direction=\"X\">\n                  <div class=\"u-container-layout u-valign-bottom-lg u-valign-bottom-md u-valign-bottom-xl u-valign-top-sm u-valign-top-xs u-container-layout-3\">\n                    <p class=\"u-align-center-xs u-text u-text-black u-text-default u-text-4\"> Prin specificul profesiei noastre, suntem zi de zi martorii efectelor d\u0103un\u0103toare pe care activitatea zilnic\u0103 o are asupra mediului \u00eenconjur\u0103tor. Obiectivul nostru principal \u00eel reprezint\u0103 dezvoltarea activit\u0103\u021bii de salubrizare prin respectarea conceptului de dezvoltare durabil\u0103, prin asumarea responsabilit\u0103\u021bii pe care o avem fa\u021b\u0103 de comunitatea \u0219i mediul \u00een care ne desf\u0103\u0219ur\u0103m activitatea. Pornind de la acest obiectiv, am demarat programe de implementare a colect\u0103rii separate \u00een r\u00e2ndul popula\u021biei, precum sacul galben, pubela \/ containerul galben \u0219i containere de tip igloo la toate punctele de lucru unde ne desf\u0103\u0219ur\u0103m activitatea.<\/p>\n                    <p class=\"u-text u-text-black u-text-default u-text-5\"> \u00cempreun\u0103 pentru un mediu s\u0103n\u0103tos!<\/p><span class=\"u-file-icon u-icon u-icon-1\"><img decoding=\"async\" src=\"https:\/\/polaris-mh.ro\/wp-content\/uploads\/2025\/03\/20959-2.png\" alt=\"\"><\/span>\n                  <\/div>\n                <\/div>\n                <div class=\"u-container-style u-image u-image-round u-layout-cell u-radius u-size-20-md u-size-20-sm u-size-20-xs u-size-40-lg u-size-40-xl u-image-2\" data-image-width=\"1625\" data-image-height=\"1387\" style=\"background-image: url(&quot;https:\/\/polaris-mh.ro\/wp-content\/uploads\/2025\/04\/csr_12.jpg&quot;);\">\n                  <div class=\"u-container-layout u-container-layout-4\"><\/div>\n                <\/div>\n              <\/div>\n            <\/div>\n          <\/div>\n        <\/div>\n      <\/div>\n    <\/section>\n    <section class=\"u-clearfix u-container-align-center-lg u-container-align-center-md u-container-align-center-sm u-container-align-center-xl u-valign-middle-lg u-valign-middle-xl u-white u-section-3\" id=\"sec-ed4f\">\n      <h2 class=\"u-align-center u-text u-text-black u-text-default-lg u-text-default-md u-text-default-sm u-text-default-xl u-text-1\"> Obiectivele noastre sunt<\/h2>\n      <div class=\"custom-expanded u-list u-list-1\">\n        <div class=\"u-repeater u-repeater-1\">\n          <div class=\"u-container-align-center u-container-style u-list-item u-radius u-repeater-item u-shape-round u-white u-list-item-1\">\n            <div class=\"u-container-layout u-similar-container u-valign-middle-lg u-valign-middle-md u-valign-middle-sm u-valign-middle-xs u-container-layout-1\"><span class=\"u-align-center u-file-icon u-icon u-icon-1\"><img decoding=\"async\" src=\"https:\/\/polaris-mh.ro\/wp-content\/uploads\/2025\/04\/3769192.png\" alt=\"\"><\/span>\n              <h5 class=\"u-align-center u-text u-text-black u-text-default-sm u-text-default-xs u-text-2\"> G\u0103sirea de solu\u021bii \u0219i servicii sustenabile pentru protejarea mediului<\/h5>\n            <\/div>\n          <\/div>\n          <div class=\"u-container-align-center u-container-style u-list-item u-radius u-repeater-item u-shape-round u-white u-list-item-2\">\n            <div class=\"u-container-layout u-similar-container u-valign-middle-lg u-valign-middle-md u-valign-middle-sm u-valign-middle-xs u-container-layout-2\"><span class=\"u-align-center u-file-icon u-icon u-icon-2\"><img decoding=\"async\" src=\"https:\/\/polaris-mh.ro\/wp-content\/uploads\/2025\/04\/5442659.png\" alt=\"\"><\/span>\n              <h5 class=\"u-align-center u-text u-text-black u-text-default-sm u-text-default-xs u-text-3\"> Implementarea de proiecte care vizeaz\u0103 schimbarea mentalit\u0103\u021bii cet\u0103\u021benilor cu privire la responsabilizarea fa\u021b\u0103 de mediu<\/h5>\n            <\/div>\n          <\/div>\n        <\/div>\n      <\/div>\n    <\/section>\n    <section class=\"skrollable u-clearfix u-image u-parallax u-section-4\" id=\"sec-6acf\" data-image-width=\"3159\" data-image-height=\"1387\" style=\"background-image: url(&quot;https:\/\/polaris-mh.ro\/wp-content\/uploads\/2025\/04\/csr_22-scaled.webp&quot;);\">\n      <div class=\"u-clearfix u-sheet u-sheet-1\"><\/div>\n    <\/section>\n    <section class=\"u-clearfix u-valign-middle-lg u-valign-middle-md u-valign-middle-sm u-white u-section-5\" id=\"sec-0cc5\">\n      <div class=\"data-layout-selected u-clearfix u-expanded-width u-gutter-30 u-layout-wrap u-layout-wrap-1\">\n        <div class=\"u-layout\">\n          <div class=\"u-layout-row\">\n            <div class=\"u-container-align-center-md u-container-align-center-sm u-container-align-center-xs u-container-style u-layout-cell u-radius u-shape-round u-size-30 u-white u-layout-cell-1\" data-animation-name=\"flipIn\" data-animation-duration=\"3000\" data-animation-delay=\"0\" data-animation-direction=\"X\">\n              <div class=\"u-container-layout u-valign-bottom-lg u-valign-bottom-md u-valign-bottom-sm u-valign-bottom-xs u-valign-middle-xl u-container-layout-1\">\n                <h2 class=\"u-align-center-md u-align-center-sm u-align-center-xs u-text u-text-black u-text-default u-text-1\">Polaris M Holding<\/h2>\n                <h4 class=\"u-align-center-md u-align-center-sm u-align-center-xs u-text u-text-black u-text-2\"> Responsabilitatea fa\u021b\u0103 de mediu \u00eencepe cu gesturi mici \u0219i construie\u0219te viitorul tuturor.\u201d<\/h4>\n                <p class=\"u-align-center-md u-align-center-sm u-align-center-xs u-text u-text-black u-text-3\"> Ne dorim ca activit\u0103\u021bile zilnice pe care le desf\u0103\u0219ur\u0103m s\u0103 aib\u0103 un impact minim asupra mediului, s\u0103 cre\u0219tem calitatea vie\u021bii locuitorilor \u00een ora\u0219ele \u00een care ne desf\u0103\u0219ur\u0103m activitatea \u0219i s\u0103 reducem poluarea cu de\u0219euri. \u00cen acest sens, am implementat un sistem de colectare separat\u0103 a de\u0219eurilor \u0219i am ini\u021biat evenimente pentru con\u0219tientizare \u0219i educa\u021bie ecologic\u0103 \u00een \u0219coli, gr\u0103dini\u021be \u0219i licee.<\/p>\n              <\/div>\n            <\/div>\n            <div class=\"u-container-style u-gradient u-image u-layout-cell u-radius u-shape-round u-size-30 u-image-1\" data-image-width=\"3159\" data-image-height=\"1387\" style=\"background-image: url(&quot;https:\/\/polaris-mh.ro\/wp-content\/uploads\/2025\/04\/csr_31-scaled.webp&quot;), linear-gradient(rgb(242, 242, 242), rgb(242, 242, 242));\">\n              <div class=\"u-container-layout u-container-layout-2\"><\/div>\n            <\/div>\n          <\/div>\n        <\/div>\n      <\/div>\n    <\/section>\n    <section class=\"skrollable u-clearfix u-container-align-center u-valign-middle-xl u-valign-top-sm u-section-6\" id=\"sec-644e\">\n      <div class=\"data-layout-selected u-clearfix u-expanded-width u-layout-wrap u-layout-wrap-1\">\n        <div class=\"u-layout\">\n          <div class=\"u-layout-row\">\n            <div class=\"u-container-align-center-md u-container-align-center-sm u-container-align-center-xs u-container-align-left-lg u-container-align-left-xl u-container-style u-layout-cell u-size-30 u-white u-layout-cell-1\">\n              <div class=\"u-container-layout u-valign-middle-md u-valign-middle-xl u-valign-top-lg u-valign-top-sm u-valign-top-xs u-container-layout-1\">\n                <h2 class=\"u-align-center-md u-align-center-sm u-align-center-xs u-align-left-lg u-align-left-xl u-text u-text-black u-text-1\"> \u00cempreun\u0103 pentru genera\u021biile viitoare!<\/h2>\n                <h4 class=\"u-align-center-md u-align-center-sm u-align-center-xs u-align-left-lg u-align-left-xl u-text u-text-black u-text-2\">Polaris M Holding<\/h4>\n                <p class=\"u-align-center-md u-align-center-sm u-align-center-xs u-align-left-lg u-align-left-xl u-text u-text-3\"><\/p>\n              <\/div>\n            <\/div>\n            <div class=\"u-container-style u-layout-cell u-radius u-shape-round u-size-30 u-white u-layout-cell-2\">\n              <div class=\"u-container-layout u-valign-bottom-lg u-valign-bottom-md u-valign-bottom-sm u-valign-bottom-xl u-container-layout-2\">\n                <p class=\"u-align-left u-text u-text-black u-text-4\"> Sustenabilitatea este un principiu care ne ghideaz\u0103 activitatea. Credem \u00eentr-un viitor mai bun pentru copiii no\u0219tri \u0219i, din acest motiv, ne desf\u0103\u0219ur\u0103m activitatea \u00eencerc\u00e2nd s\u0103 avem un impact c\u00e2t mai mic asupra mediului \u00eenconjur\u0103tor, demar\u0103m proiecte de colectare separat\u0103 \u0219i responsabiliz\u0103m popula\u021bia. Toate aceste ac\u021biuni au un singur scop: un viitor mai bun pentru genera\u021biile viitoare.<\/p><span class=\"u-align-left u-file-icon u-icon u-icon-1\"><img decoding=\"async\" src=\"https:\/\/polaris-mh.ro\/wp-content\/uploads\/2025\/03\/20959-2.png\" alt=\"\"><\/span>\n              <\/div>\n            <\/div>\n          <\/div>\n        <\/div>\n      <\/div>\n      <div class=\"skrollable u-container-style u-expanded-width u-gradient u-group u-image u-parallax u-radius u-shape-round u-image-1\" data-image-width=\"3159\" data-image-height=\"1387\" style=\"background-image: url(&quot;https:\/\/polaris-mh.ro\/wp-content\/uploads\/2025\/04\/csr_41-scaled.webp&quot;), linear-gradient(rgb(229, 229, 229), rgb(229, 229, 229));\">\n        <div class=\"u-container-layout u-container-layout-3\"><\/div>\n      <\/div>\n    <\/section>\n    <section class=\"skrollable u-clearfix u-image u-parallax u-section-7\" id=\"sec-76ff\" data-image-width=\"3159\" data-image-height=\"1387\" style=\"background-image: url(&quot;https:\/\/polaris-mh.ro\/wp-content\/uploads\/2025\/04\/csr_42-scaled.webp&quot;);\">\n      <div class=\"u-clearfix u-sheet u-valign-middle u-sheet-1\">\n        <div class=\"u-container-align-center-lg u-container-align-center-md u-container-align-center-sm u-container-align-center-xl u-container-style u-group u-radius u-shape-round u-white u-group-1\" data-animation-name=\"customAnimationIn\" data-animation-duration=\"500\" data-animation-delay=\"0\">\n          <div class=\"u-container-layout u-valign-middle-md u-valign-top-lg u-valign-top-sm u-valign-top-xs u-container-layout-1\">\n            <h3 class=\"u-align-center u-text u-text-black u-text-default u-text-1\"> \u00cempreuna pentru un&nbsp;<br>mediu curat!\n            <\/h3>\n            <p class=\"u-align-center u-text u-text-black u-text-2\"> De-a lungul timpului, am \u00eencercat s\u0103 promov\u0103m un comportament ecologic care s\u0103 ajute la schimbarea atitudinii societ\u0103\u021bii fa\u021b\u0103 de mediul \u00eenconjur\u0103tor. Din acest motiv, am organizat evenimente de ecologizare \u00een ora\u0219ele \u00een care de\u021binem puncte de lucru \u0219i am implicat copiii, deoarece ei reprezint\u0103 viitorul \u0219i cu ei \u00eencepe schimbarea mentalit\u0103\u021bii. Am ini\u021biat ac\u021biuni de responsabilizare a popula\u021biei cu privire la p\u0103strarea cur\u0103\u021beniei ora\u0219ului, a plajelor, a litoralului rom\u00e2nesc, deoarece obiectivul nostru este de a men\u021bine un ora\u0219 curat \u0219i s\u0103n\u0103tos al\u0103turi de locuitorii acestuia.<\/p>\n          <\/div>\n        <\/div>\n      <\/div>\n    <\/section>\n    \n    \n    \n    \n  \n<\/div><\/div>","protected":false},"excerpt":{"rendered":"<p>Polaris M Holding Responsabilitate social\u0103 corporativ\u0103 Un mediu curat se pastreaz\u0103 prin respectarea parteneriatului dintre generatorul de deseuri si operatorul de salubrizare. Numai \u00eempreun\u0103 putem men\u021bine cur\u0103\u021benia ora\u0219ului. CIte\u0219te mai mult Prin specificul profesiei noastre, suntem zi de zi martorii efectelor d\u0103un\u0103toare pe care activitatea zilnic\u0103 o are asupra mediului \u00eenconjur\u0103tor. Obiectivul nostru principal \u00eel [&hellip;]<\/p>\n","protected":false},"author":1,"featured_media":0,"parent":0,"menu_order":0,"comment_status":"closed","ping_status":"closed","template":"elementor_header_footer","meta":{"footnotes":""},"class_list":["post-921","page","type-page","status-publish","hentry"],"_links":{"self":[{"href":"https:\/\/polaris-mh.ro\/index.php\/wp-json\/wp\/v2\/pages\/921","targetHints":{"allow":["GET"]}}],"collection":[{"href":"https:\/\/polaris-mh.ro\/index.php\/wp-json\/wp\/v2\/pages"}],"about":[{"href":"https:\/\/polaris-mh.ro\/index.php\/wp-json\/wp\/v2\/types\/page"}],"author":[{"embeddable":true,"href":"https:\/\/polaris-mh.ro\/index.php\/wp-json\/wp\/v2\/users\/1"}],"replies":[{"embeddable":true,"href":"https:\/\/polaris-mh.ro\/index.php\/wp-json\/wp\/v2\/comments?post=921"}],"version-history":[{"count":5,"href":"https:\/\/polaris-mh.ro\/index.php\/wp-json\/wp\/v2\/pages\/921\/revisions"}],"predecessor-version":[{"id":1438,"href":"https:\/\/polaris-mh.ro\/index.php\/wp-json\/wp\/v2\/pages\/921\/revisions\/1438"}],"wp:attachment":[{"href":"https:\/\/polaris-mh.ro\/index.php\/wp-json\/wp\/v2\/media?parent=921"}],"curies":[{"name":"wp","href":"https:\/\/api.w.org\/{rel}","templated":true}]}}